{"id":105,"date":"2021-06-20T04:04:26","date_gmt":"2021-06-20T02:04:26","guid":{"rendered":"http:\/\/laetitialaguzet.net\/?page_id=105"},"modified":"2024-12-01T00:52:53","modified_gmt":"2024-11-30T23:52:53","slug":"vincent-corpet","status":"publish","type":"page","link":"https:\/\/www.laetitialaguzet.net\/?page_id=105","title":{"rendered":"VINCENT CORPET"},"content":{"rendered":"\n<figure class=\"wp-block-image size-full\"><img loading=\"lazy\" decoding=\"async\" width=\"850\" height=\"567\" src=\"https:\/\/www.laetitialaguzet.net\/wp-content\/uploads\/2021\/06\/IMG_4417-LOW.jpg\" alt=\"\" class=\"wp-image-134\" srcset=\"https:\/\/www.laetitialaguzet.net\/wp-content\/uploads\/2021\/06\/IMG_4417-LOW.jpg 850w, https:\/\/www.laetitialaguzet.net\/wp-content\/uploads\/2021\/06\/IMG_4417-LOW-300x200.jpg 300w, https:\/\/www.laetitialaguzet.net\/wp-content\/uploads\/2021\/06\/IMG_4417-LOW-768x512.jpg 768w\" sizes=\"auto, (max-width: 850px) 100vw, 850px\" \/><\/figure>\n\n\n\n<figure class=\"wp-block-embed is-type-video is-provider-youtube wp-block-embed-youtube wp-embed-aspect-4-3 wp-has-aspect-ratio\"><div class=\"wp-block-embed__wrapper\">\n<iframe loading=\"lazy\" title=\"LASCAUX PAR VINCENT CORPET\" width=\"920\" height=\"690\" src=\"https:\/\/www.youtube.com\/embed\/PqRSGbwpcCE?feature=oembed\" frameborder=\"0\" allow=\"accelerometer; autoplay; clipboard-write; encrypted-media; gyroscope; picture-in-picture\" allowfullscreen><\/iframe>\n<\/div><\/figure>\n\n\n\n<figure class=\"wp-block-embed is-type-video is-provider-youtube wp-block-embed-youtube wp-embed-aspect-16-9 wp-has-aspect-ratio\"><div class=\"wp-block-embed__wrapper\">\n<iframe loading=\"lazy\" title=\"ARCANE XII - LE PENDU DE VINCENT CORPET\" width=\"920\" height=\"518\" src=\"https:\/\/www.youtube.com\/embed\/QRifu0BvZu4?feature=oembed\" frameborder=\"0\" allow=\"accelerometer; autoplay; clipboard-write; encrypted-media; gyroscope; picture-in-picture\" allowfullscreen><\/iframe>\n<\/div><\/figure>\n\n\n\n<figure class=\"wp-block-embed is-type-video is-provider-youtube wp-block-embed-youtube wp-embed-aspect-16-9 wp-has-aspect-ratio\"><div class=\"wp-block-embed__wrapper\">\n<iframe loading=\"lazy\" title=\"LA TOUR PAR VINCENT CORPET - FILM DE LAETITIA LAGUZET \/ ELLA L.\" width=\"920\" height=\"518\" src=\"https:\/\/www.youtube.com\/embed\/5bAFzmKc7zY?feature=oembed\" frameborder=\"0\" allow=\"accelerometer; autoplay; clipboard-write; encrypted-media; gyroscope; picture-in-picture\" allowfullscreen><\/iframe>\n<\/div><\/figure>\n\n\n\n<figure class=\"wp-block-embed is-type-video is-provider-youtube wp-block-embed-youtube wp-embed-aspect-16-9 wp-has-aspect-ratio\"><div class=\"wp-block-embed__wrapper\">\n<iframe loading=\"lazy\" title=\"VINCENT CORPET AU LOUVRE : SBEK THOM DANS UCCELLO\" width=\"920\" height=\"518\" src=\"https:\/\/www.youtube.com\/embed\/tthrP5w4pJc?feature=oembed\" frameborder=\"0\" allow=\"accelerometer; autoplay; clipboard-write; encrypted-media; gyroscope; picture-in-picture\" allowfullscreen><\/iframe>\n<\/div><\/figure>\n\n\n\n<figure class=\"wp-block-embed is-type-video is-provider-youtube wp-block-embed-youtube wp-embed-aspect-16-9 wp-has-aspect-ratio\"><div class=\"wp-block-embed__wrapper\">\n<iframe loading=\"lazy\" title=\"LA LIBERTE GUIDANT LE PEUPLE\" width=\"920\" height=\"518\" src=\"https:\/\/www.youtube.com\/embed\/PjLg22qy0lA?start=15&#038;feature=oembed\" frameborder=\"0\" allow=\"accelerometer; autoplay; clipboard-write; encrypted-media; gyroscope; picture-in-picture\" allowfullscreen><\/iframe>\n<\/div><\/figure>\n\n\n\n<figure class=\"wp-block-embed is-type-video is-provider-youtube wp-block-embed-youtube wp-embed-aspect-16-9 wp-has-aspect-ratio\"><div class=\"wp-block-embed__wrapper\">\n<iframe loading=\"lazy\" title=\"VINCENT CORPET AU LOUVRE -  LE BAIN TURC (AIROSE)\" width=\"920\" height=\"518\" src=\"https:\/\/www.youtube.com\/embed\/6lC-G5k9nu4?feature=oembed\" frameborder=\"0\" allow=\"accelerometer; autoplay; clipboard-write; encrypted-media; gyroscope; picture-in-picture; web-share\" referrerpolicy=\"strict-origin-when-cross-origin\" allowfullscreen><\/iframe>\n<\/div><\/figure>\n\n\n\n<figure class=\"wp-block-embed is-type-video is-provider-youtube wp-block-embed-youtube wp-embed-aspect-16-9 wp-has-aspect-ratio\"><div class=\"wp-block-embed__wrapper\">\n<iframe loading=\"lazy\" title=\"CORPET\/DELACROIX - L&#039;ENLEVEMENT DE SARDANAPALE\" width=\"920\" height=\"518\" src=\"https:\/\/www.youtube.com\/embed\/a5o64Z4zn0Y?feature=oembed\" frameborder=\"0\" allow=\"accelerometer; autoplay; clipboard-write; encrypted-media; gyroscope; picture-in-picture\" allowfullscreen><\/iframe>\n<\/div><\/figure>\n\n\n\n<figure class=\"wp-block-embed is-type-video is-provider-youtube wp-block-embed-youtube wp-embed-aspect-16-9 wp-has-aspect-ratio\"><div class=\"wp-block-embed__wrapper\">\n<iframe loading=\"lazy\" title=\"CORPET\/GOYA - SATURNE\/CRONOS\" width=\"920\" height=\"518\" src=\"https:\/\/www.youtube.com\/embed\/8sCqvq4qBwc?feature=oembed\" frameborder=\"0\" allow=\"accelerometer; autoplay; clipboard-write; encrypted-media; gyroscope; picture-in-picture\" allowfullscreen><\/iframe>\n<\/div><\/figure>\n\n\n\n<figure class=\"wp-block-embed is-type-video is-provider-youtube wp-block-embed-youtube wp-embed-aspect-4-3 wp-has-aspect-ratio\"><div class=\"wp-block-embed__wrapper\">\n<iframe loading=\"lazy\" title=\"VINCENT CORPET EN VILLE - MAMAC 2010 - LAETITIA LAGUZET\" width=\"920\" height=\"690\" src=\"https:\/\/www.youtube.com\/embed\/-gHP_UjsI_s?feature=oembed\" frameborder=\"0\" allow=\"accelerometer; autoplay; clipboard-write; encrypted-media; gyroscope; picture-in-picture\" allowfullscreen><\/iframe>\n<\/div><\/figure>\n\n\n\n<figure class=\"wp-block-embed is-type-video is-provider-youtube wp-block-embed-youtube wp-embed-aspect-4-3 wp-has-aspect-ratio\"><div class=\"wp-block-embed__wrapper\">\n<iframe loading=\"lazy\" title=\"VINCENT CORPET \u00c0 LA PLAGE - GALERIE DES PONCHETTES - NICE 2010 - \u00a9 LAETITIA LAGUZET\" width=\"920\" height=\"690\" src=\"https:\/\/www.youtube.com\/embed\/o3zDKXR2Lf4?feature=oembed\" frameborder=\"0\" allow=\"accelerometer; autoplay; clipboard-write; encrypted-media; gyroscope; picture-in-picture\" allowfullscreen><\/iframe>\n<\/div><\/figure>\n\n\n\n<pre class=\"wp-block-preformatted has-small-font-size\">VINCENT CORPET\nN\u00e9 le 20 mars 1958, Vincent Corpet d\u00e9cide d\u2019\u00eatre peintre \u00e0 vingt ans. Il entre alors aux Beaux-Arts de Paris. La peinture est une opportunit\u00e9 : celle de prouver que la volont\u00e9 et la mise en place d\u2019un protocole rigoureux offre la possibilit\u00e9 de lib\u00e9rer les esprits. Pour se faire, il s\u2019att\u00e8le \u00e0 d\u00e9construire les signes et les genres dans ses Natures Mortes et ses Peintures Religieuses, \u00e0 annuler la perspective, notamment avec la s\u00e9rie des Nus et \u00e0 mettre en \u00e9vidence le processus mental avec les Tondis, les Diptyques et les Analogies. Le peintre est prolifique : il poursuit son \u0153uvre suivant un point de vue critique en int\u00e9grant aussi bien les jeux de mots d\u00e8s la s\u00e9rie Analfabet (2003\/2008) que les chefs-d\u2019\u0153uvre de la culture (Fuck Ma\u00eetre). Il dessine \u00e9galement 602 illustrations des Cent Vingts Journ\u00e9es de Sodome de Sade. Son \u0153uvre compte plusieurs centaines de tableaux, de dessins, de gravures qui sont autant de passages entre les formes picturales : Totems, Nus, Matrices, Faux-Semblants troublent l\u2019\u0153il et l\u2019obligent \u00e0 s\u2019interroger sur ce qu\u2019il voit. Historien passionn\u00e9, il \u00e9tudie l\u2019art depuis ses pr\u00e9misses : Lascaux, Chauvet impr\u00e8gnent son \u0153uvre. Il collabore d\u2019ailleurs avec le P\u00f4le International de Pr\u00e9histoire. \n\n<a href=\"http:\/\/vincent-corpet.com\/\" data-type=\"URL\" data-id=\"http:\/\/vincent-corpet.com\/\">http:\/\/vincent-corpet.com\/<\/a>\n\nLAETITIA LAGUZET\nLaetitia est docteure en histoire de l\u2019art et artiste. Elle consacre son premier m\u00e9moire \u00e0 la Peinture Religieuse de Vincent Corpet. Elle reconna\u00eet dans le travail du peintre les points de recherche qu\u2019elle se donne autour de l\u2019analogie, la m\u00e9moire et la multi-sensorialit\u00e9. D\u00e8s lors, elle suit son travail, r\u00e9dige des essais autour de son \u0153uvre qui ne cessera de l\u2019interpeler et d\u2019influencer ses propres travaux. C\u2019est de retour du Mexique o\u00f9 elle a commenc\u00e9 sa th\u00e8se sur La carte \u00e0 jouer dans l\u2019art contemporain depuis le cubisme qu\u2019elle photographie Vincent Corpet et fabrique des courts-m\u00e9trages en pixilation \u00e0 partir de rafales. En outre, elle initie le peintre au tarot divinatoire et d\u00e9die un chapitre de sa th\u00e8se \u00e0 la composition du Jeu de Vincent Corpet. Elle documente l\u2019\u0153uvre picturale en photographiant, en autres, le travail du peintre au Louvre en 2011, en vue de plusieurs films en pixilation qu\u2019elle r\u00e9alise par la suite. Elle participe \u00e9galement \u00e0 Big Mac, derni\u00e8re exposition de l\u2019artiste \u00e0 Paris, en dirigeant une performance autour du texte po\u00e9tique Voyelles ou les voir elles tout \u00e0 la fois dans lequel elle fait entrer en r\u00e9sonnance les \u0153uvres de Corpet, Rimbaud et Spinoza. Son travail marie l\u2019image, le texte et la musique.\n<\/pre>\n","protected":false},"excerpt":{"rendered":"<p>VINCENT CORPET N\u00e9 le 20 mars 1958, Vincent Corpet d\u00e9cide d\u2019\u00eatre peintre \u00e0 vingt ans. Il entre alors aux Beaux-Arts de Paris. La peinture est une opportunit\u00e9 : celle de<\/p>\n<p class=\"more-link\"><a href=\"https:\/\/www.laetitialaguzet.net\/?page_id=105\" class=\"readmore\">Continue reading&#8230;<span class=\"screen-reader-text\">VINCENT CORPET<\/span><\/a><\/p>\n","protected":false},"author":1,"featured_media":0,"parent":36,"menu_order":-2,"comment_status":"closed","ping_status":"closed","template":"","meta":{"footnotes":""},"class_list":["post-105","page","type-page","status-publish","hentry"],"_links":{"self":[{"href":"https:\/\/www.laetitialaguzet.net\/index.php?rest_route=\/wp\/v2\/pages\/105","targetHints":{"allow":["GET"]}}],"collection":[{"href":"https:\/\/www.laetitialaguzet.net\/index.php?rest_route=\/wp\/v2\/pages"}],"about":[{"href":"https:\/\/www.laetitialaguzet.net\/index.php?rest_route=\/wp\/v2\/types\/page"}],"author":[{"embeddable":true,"href":"https:\/\/www.laetitialaguzet.net\/index.php?rest_route=\/wp\/v2\/users\/1"}],"replies":[{"embeddable":true,"href":"https:\/\/www.laetitialaguzet.net\/index.php?rest_route=%2Fwp%2Fv2%2Fcomments&post=105"}],"version-history":[{"count":8,"href":"https:\/\/www.laetitialaguzet.net\/index.php?rest_route=\/wp\/v2\/pages\/105\/revisions"}],"predecessor-version":[{"id":554,"href":"https:\/\/www.laetitialaguzet.net\/index.php?rest_route=\/wp\/v2\/pages\/105\/revisions\/554"}],"up":[{"embeddable":true,"href":"https:\/\/www.laetitialaguzet.net\/index.php?rest_route=\/wp\/v2\/pages\/36"}],"wp:attachment":[{"href":"https:\/\/www.laetitialaguzet.net\/index.php?rest_route=%2Fwp%2Fv2%2Fmedia&parent=105"}],"curies":[{"name":"wp","href":"https:\/\/api.w.org\/{rel}","templated":true}]}}