{"id":36,"date":"2021-06-20T04:02:45","date_gmt":"2021-06-20T02:02:45","guid":{"rendered":"http:\/\/laetitialaguzet.net\/?page_id=36"},"modified":"2024-10-21T19:31:20","modified_gmt":"2024-10-21T17:31:20","slug":"films","status":"publish","type":"page","link":"https:\/\/www.laetitialaguzet.net\/?page_id=36","title":{"rendered":"FILMS"},"content":{"rendered":"\n<h2 class=\"wp-block-heading\">BIENT\u00d4T<\/h2>\n\n\n\n<h3 class=\"wp-block-heading\"><span style=\"color:#1034aa\" class=\"has-inline-color\">AUTOPORTRAITS MULTISENSORIELS<\/span><\/h3>\n\n\n\n<p>DOCUMENTAIRE D&rsquo;ANIMATION &#8211; TECHNIQUES HYBRIDES &#8211; SUR LA MULTISENSORIALIT\u00c9<\/p>\n\n\n\n<figure class=\"wp-block-gallery aligncenter has-nested-images columns-default is-cropped wp-block-gallery-1 is-layout-flex wp-block-gallery-is-layout-flex\">\n<figure class=\"wp-block-image size-large\"><img loading=\"lazy\" decoding=\"async\" width=\"850\" height=\"567\" data-id=\"130\" src=\"https:\/\/www.laetitialaguzet.net\/wp-content\/uploads\/2021\/06\/IMG_0999.jpg\" alt=\"\" class=\"wp-image-130\" srcset=\"https:\/\/www.laetitialaguzet.net\/wp-content\/uploads\/2021\/06\/IMG_0999.jpg 850w, https:\/\/www.laetitialaguzet.net\/wp-content\/uploads\/2021\/06\/IMG_0999-300x200.jpg 300w, https:\/\/www.laetitialaguzet.net\/wp-content\/uploads\/2021\/06\/IMG_0999-768x512.jpg 768w\" sizes=\"auto, (max-width: 850px) 100vw, 850px\" \/><\/figure>\n\n\n\n<figure class=\"wp-block-image size-large\"><img loading=\"lazy\" decoding=\"async\" width=\"842\" height=\"608\" data-id=\"133\" src=\"https:\/\/www.laetitialaguzet.net\/wp-content\/uploads\/2021\/06\/l61-low.jpg\" alt=\"\" class=\"wp-image-133\" srcset=\"https:\/\/www.laetitialaguzet.net\/wp-content\/uploads\/2021\/06\/l61-low.jpg 842w, https:\/\/www.laetitialaguzet.net\/wp-content\/uploads\/2021\/06\/l61-low-300x217.jpg 300w, https:\/\/www.laetitialaguzet.net\/wp-content\/uploads\/2021\/06\/l61-low-768x555.jpg 768w\" sizes=\"auto, (max-width: 842px) 100vw, 842px\" \/><\/figure>\n<\/figure>\n\n\n\n<h3 class=\"wp-block-heading\"><span style=\"color:#5700a3\" class=\"has-inline-color\">LA MAISON ID\u00c9ALE<\/span><\/h3>\n\n\n\n<p>PREMIER VOLET D&rsquo;UNE TRILOGIE<\/p>\n\n\n<div class=\"wp-block-image\">\n<figure class=\"aligncenter size-large\"><img loading=\"lazy\" decoding=\"async\" width=\"1024\" height=\"726\" src=\"https:\/\/www.laetitialaguzet.net\/wp-content\/uploads\/LA-MAISON-XEN-1024x726.jpg\" alt=\"\" class=\"wp-image-234\" srcset=\"https:\/\/www.laetitialaguzet.net\/wp-content\/uploads\/LA-MAISON-XEN-1024x726.jpg 1024w, https:\/\/www.laetitialaguzet.net\/wp-content\/uploads\/LA-MAISON-XEN-300x213.jpg 300w, https:\/\/www.laetitialaguzet.net\/wp-content\/uploads\/LA-MAISON-XEN-768x544.jpg 768w, https:\/\/www.laetitialaguzet.net\/wp-content\/uploads\/LA-MAISON-XEN-1536x1088.jpg 1536w, https:\/\/www.laetitialaguzet.net\/wp-content\/uploads\/LA-MAISON-XEN-2048x1451.jpg 2048w\" sizes=\"auto, (max-width: 1024px) 100vw, 1024px\" \/><\/figure>\n<\/div>\n\n\n<h2 class=\"wp-block-heading\">LE BRUIT (2011)<\/h2>\n\n\n\n<p>VOIX OFF: PHILIPPE GRAFF<\/p>\n\n\n\n<figure class=\"wp-block-embed is-type-video is-provider-vimeo wp-block-embed-vimeo wp-embed-aspect-16-9 wp-has-aspect-ratio\"><div class=\"wp-block-embed__wrapper\">\n<iframe loading=\"lazy\" title=\"LE BRUIT - NOISE - LAETITIA LAGUZET\" src=\"https:\/\/player.vimeo.com\/video\/18482252?dnt=1&amp;app_id=122963\" width=\"920\" height=\"518\" frameborder=\"0\" allow=\"autoplay; fullscreen; picture-in-picture; clipboard-write\"><\/iframe>\n<\/div><\/figure>\n\n\n\n<h2 class=\"wp-block-heading\">BILE NOIRE (2010) <\/h2>\n\n\n\n<p>MUSIQUE : THE FAT<\/p>\n\n\n\n<figure class=\"wp-block-embed is-type-video is-provider-youtube wp-block-embed-youtube wp-embed-aspect-16-9 wp-has-aspect-ratio\"><div class=\"wp-block-embed__wrapper\">\n<iframe loading=\"lazy\" title=\"BILE NOIRE\" width=\"920\" height=\"518\" src=\"https:\/\/www.youtube.com\/embed\/SCNmbyqC8P0?feature=oembed\" frameborder=\"0\" allow=\"accelerometer; autoplay; clipboard-write; encrypted-media; gyroscope; picture-in-picture; web-share\" referrerpolicy=\"strict-origin-when-cross-origin\" allowfullscreen><\/iframe>\n<\/div><\/figure>\n\n\n\n<h2 class=\"wp-block-heading\">ISSEI&rsquo;S SAD SONG <\/h2>\n\n\n\n<p>PREMIER FILM FABRIQU\u00c9 AVEC DES PHOTOGRAPHIES<\/p>\n\n\n\n<figure class=\"wp-block-embed is-type-video is-provider-vimeo wp-block-embed-vimeo wp-embed-aspect-16-9 wp-has-aspect-ratio\"><div class=\"wp-block-embed__wrapper\">\n<iframe loading=\"lazy\" title=\"ISSEI S SAD SONG\" src=\"https:\/\/player.vimeo.com\/video\/25778735?dnt=1&amp;app_id=122963\" width=\"920\" height=\"518\" frameborder=\"0\" allow=\"autoplay; fullscreen; picture-in-picture; clipboard-write\"><\/iframe>\n<\/div><\/figure>\n\n\n\n<p>BAS\u00c9 SUR L&rsquo;ASSASSINAT DE REN\u00c9 HARTWELT PAR ISSEI SAGAWA \u00c0 PARIS, EN 1981.<\/p>\n\n\n\n<p>MUSIQUES: BERTRAND NO\u00cbL , LESKIMO<\/p>\n","protected":false},"excerpt":{"rendered":"<p>BIENT\u00d4T AUTOPORTRAITS MULTISENSORIELS DOCUMENTAIRE D&rsquo;ANIMATION &#8211; TECHNIQUES HYBRIDES &#8211; SUR LA MULTISENSORIALIT\u00c9 LA MAISON ID\u00c9ALE PREMIER VOLET D&rsquo;UNE TRILOGIE LE BRUIT (2011) VOIX OFF: PHILIPPE GRAFF BILE NOIRE (2010) MUSIQUE<\/p>\n<p class=\"more-link\"><a href=\"https:\/\/www.laetitialaguzet.net\/?page_id=36\" class=\"readmore\">Continue reading&#8230;<span class=\"screen-reader-text\">FILMS<\/span><\/a><\/p>\n","protected":false},"author":1,"featured_media":0,"parent":0,"menu_order":0,"comment_status":"closed","ping_status":"closed","template":"","meta":{"footnotes":""},"class_list":["post-36","page","type-page","status-publish","hentry"],"_links":{"self":[{"href":"https:\/\/www.laetitialaguzet.net\/index.php?rest_route=\/wp\/v2\/pages\/36","targetHints":{"allow":["GET"]}}],"collection":[{"href":"https:\/\/www.laetitialaguzet.net\/index.php?rest_route=\/wp\/v2\/pages"}],"about":[{"href":"https:\/\/www.laetitialaguzet.net\/index.php?rest_route=\/wp\/v2\/types\/page"}],"author":[{"embeddable":true,"href":"https:\/\/www.laetitialaguzet.net\/index.php?rest_route=\/wp\/v2\/users\/1"}],"replies":[{"embeddable":true,"href":"https:\/\/www.laetitialaguzet.net\/index.php?rest_route=%2Fwp%2Fv2%2Fcomments&post=36"}],"version-history":[{"count":15,"href":"https:\/\/www.laetitialaguzet.net\/index.php?rest_route=\/wp\/v2\/pages\/36\/revisions"}],"predecessor-version":[{"id":550,"href":"https:\/\/www.laetitialaguzet.net\/index.php?rest_route=\/wp\/v2\/pages\/36\/revisions\/550"}],"wp:attachment":[{"href":"https:\/\/www.laetitialaguzet.net\/index.php?rest_route=%2Fwp%2Fv2%2Fmedia&parent=36"}],"curies":[{"name":"wp","href":"https:\/\/api.w.org\/{rel}","templated":true}]}}