{"id":39,"date":"2021-06-20T04:02:45","date_gmt":"2021-06-20T02:02:45","guid":{"rendered":"http:\/\/laetitialaguzet.net\/?page_id=39"},"modified":"2022-08-30T23:37:31","modified_gmt":"2022-08-30T21:37:31","slug":"bio","status":"publish","type":"page","link":"https:\/\/www.laetitialaguzet.net\/?page_id=39","title":{"rendered":"BIO"},"content":{"rendered":"<div class=\"wp-block-image\">\n<figure class=\"aligncenter size-full\"><img loading=\"lazy\" decoding=\"async\" width=\"850\" height=\"567\" src=\"https:\/\/www.laetitialaguzet.net\/wp-content\/uploads\/IMG_2726.jpg\" alt=\"\" class=\"wp-image-377\" srcset=\"https:\/\/www.laetitialaguzet.net\/wp-content\/uploads\/IMG_2726.jpg 850w, https:\/\/www.laetitialaguzet.net\/wp-content\/uploads\/IMG_2726-300x200.jpg 300w, https:\/\/www.laetitialaguzet.net\/wp-content\/uploads\/IMG_2726-768x512.jpg 768w\" sizes=\"auto, (max-width: 850px) 100vw, 850px\" \/><figcaption>AVEC XENJI<\/figcaption><\/figure>\n<\/div>\n\n\n<blockquote class=\"wp-block-quote has-text-align-left is-style-large has-small-font-size is-layout-flow wp-block-quote-is-layout-flow\"><p>Tout \u00e9tait s\u00fbrement l\u00e0.<\/p><p>L\u2019ennui d\u2019abord. En p\u00e9riph\u00e9rie.<\/p><p>Puis la conviction de devoir \u00eatre ailleurs.<\/p><p>Le bureau de mon p\u00e8re. Feutres et fusains align\u00e9s derri\u00e8re un ordinateur.<\/p><p>Des photographies. Des impressions. Le salon de l\u2019imprimerie, noir de monde, dans les couloirs, sur le papier.<\/p><p>La chambre. Une importante collection de magazines d\u00e9coup\u00e9s pour peupler les murs.<\/p><p>Une vue sur la prison, le centre commercial. Autour, les routes.<\/p><p>Les vacances dans le hangar \u00e9vid\u00e9 d\u2019un ancien ferrailleur.<\/p><p>Danser classique sous les toits humides. Danser jazz sous les n\u00e9ons.<\/p><p>Des n\u00e9gatifs. Beaucoup. Parce qu\u2019il n\u2019y a pas d\u2019instant qui d\u00e9cide. Des gestes seulement. Ou bien des intentions. Et la m\u00e9moire qui choisit.<\/p><p>La radio.<\/p><p>Sur l\u2019\u00e9cran&nbsp;: la musique. Les dessins anim\u00e9s. Twin Peaks. Chaplin.<\/p><p>Un jour, une rime. Le silence n\u2019est donc plus tout \u00e0 fait l\u00e0. L\u2019ennui non plus.<\/p><p>Un \u00e9cho plus loin&nbsp;: Duras.<\/p><p>Alors des \u00e9tudes. Longues. Histoire de l\u2019art. Pour \u00e9crire sous influence, manger, dig\u00e9rer. Les mots ont faim. D\u2019entendre et de voir. D\u2019eux-m\u00eames ensuite.<\/p><p>Et Partir. Coyo\u00e1can. Mexique. Un autre silence. Celui des mots insens\u00e9s, des sons. L\u2019appareil revient quand la langue nargue. Il t\u00e9moigne. Il occupe.&nbsp;<\/p><p>Paris. Rome. Paris.<\/p><p>Les correspondances. Corpet. Err\u00f3. Jouffroy. Boull\u00e9.<\/p><p>Les instants sont choisis. Ils font des films. Une cadence.<\/p><p>Du temps pour rassembler tout cela. Pour saisir le lien. La multisensorialit\u00e9.<\/p><p>Le son dessine une image, d\u2019embl\u00e9e. Une vision appelle note, mot, voix, texte.<\/p><p>La n\u00e9cessit\u00e9 du jeu sans fermer les tiroirs. Musique, mot, photographie, dessin. Tout est l\u00e0. Toujours. Partout. Dedans. Dehors.<\/p><\/blockquote>\n","protected":false},"excerpt":{"rendered":"<p>Tout \u00e9tait s\u00fbrement l\u00e0. L\u2019ennui d\u2019abord. En p\u00e9riph\u00e9rie. Puis la conviction de devoir \u00eatre ailleurs. Le bureau de mon p\u00e8re. Feutres et fusains align\u00e9s derri\u00e8re un ordinateur. Des photographies. Des<\/p>\n<p class=\"more-link\"><a href=\"https:\/\/www.laetitialaguzet.net\/?page_id=39\" class=\"readmore\">Continue reading&#8230;<span class=\"screen-reader-text\">BIO<\/span><\/a><\/p>\n","protected":false},"author":1,"featured_media":0,"parent":0,"menu_order":0,"comment_status":"closed","ping_status":"closed","template":"","meta":{"footnotes":""},"class_list":["post-39","page","type-page","status-publish","hentry"],"_links":{"self":[{"href":"https:\/\/www.laetitialaguzet.net\/index.php?rest_route=\/wp\/v2\/pages\/39","targetHints":{"allow":["GET"]}}],"collection":[{"href":"https:\/\/www.laetitialaguzet.net\/index.php?rest_route=\/wp\/v2\/pages"}],"about":[{"href":"https:\/\/www.laetitialaguzet.net\/index.php?rest_route=\/wp\/v2\/types\/page"}],"author":[{"embeddable":true,"href":"https:\/\/www.laetitialaguzet.net\/index.php?rest_route=\/wp\/v2\/users\/1"}],"replies":[{"embeddable":true,"href":"https:\/\/www.laetitialaguzet.net\/index.php?rest_route=%2Fwp%2Fv2%2Fcomments&post=39"}],"version-history":[{"count":8,"href":"https:\/\/www.laetitialaguzet.net\/index.php?rest_route=\/wp\/v2\/pages\/39\/revisions"}],"predecessor-version":[{"id":472,"href":"https:\/\/www.laetitialaguzet.net\/index.php?rest_route=\/wp\/v2\/pages\/39\/revisions\/472"}],"wp:attachment":[{"href":"https:\/\/www.laetitialaguzet.net\/index.php?rest_route=%2Fwp%2Fv2%2Fmedia&parent=39"}],"curies":[{"name":"wp","href":"https:\/\/api.w.org\/{rel}","templated":true}]}}